{"id":1525,"date":"2025-07-20T16:25:49","date_gmt":"2025-07-20T14:25:49","guid":{"rendered":"https:\/\/matypique.com\/reno\/"},"modified":"2025-11-07T12:03:11","modified_gmt":"2025-11-07T11:03:11","slug":"reno","status":"publish","type":"page","link":"https:\/\/matypique.com\/fr\/reno\/","title":{"rendered":"Reno"},"content":{"rendered":"\n<h2 class=\"wp-block-heading\"><strong>RENO.ENERGY \u2013 moteur du leadership wallon dans le solaire (2019-2024)<\/strong><\/h2>\n\n<p>De 2019 \u00e0 2024, j&rsquo;ai eu le privil\u00e8ge de collaborer avec <strong>RENO.ENERGY<\/strong>, la <strong>plus grande entreprise photovolta\u00efque de Wallonie<\/strong>, durant une p\u00e9riode cruciale d&rsquo;acc\u00e9l\u00e9ration et de consolidation. Ensemble, nous avons port\u00e9 le chiffre d&rsquo;affaires annuel de l&rsquo;entreprise \u00e0 plus de <strong>12 millions d&rsquo;euros en 2023<\/strong>, alliant expertise technique approfondie et d\u00e9veloppement commercial strat\u00e9gique. <\/p>\n\n<h3 class=\"wp-block-heading\">Partenariats cl\u00e9s et leadership<\/h3>\n\n<p>Tout au long de cette collaboration, j&rsquo;ai travaill\u00e9 en \u00e9troite collaboration avec <strong>Cl\u00e9ment Hannequart<\/strong>, installateur VIP SolarEdge dont la ma\u00eetrise de la conception et de l&rsquo;ex\u00e9cution des syst\u00e8mes a \u00e9t\u00e9 centrale dans notre r\u00e9ussite.<br\/>J&rsquo;ai \u00e9galement collabor\u00e9 avec l&rsquo;\u00e9quipe de direction, d&rsquo;abord sous la direction de <strong>Rapha\u00ebl Pietteur<\/strong> en tant que PDG, puis avec <strong>Henri Thonnart<\/strong>, qui continue de diriger RENO.ENERGY avec une vision strat\u00e9gique claire et \u00e0 long terme.<\/p>\n\n<h3 class=\"wp-block-heading\">Croissance commerciale et positionnement sur le march\u00e9<\/h3>\n\n<p>Durant ces cinq ann\u00e9es, nous avons :<\/p>\n\n<ul class=\"wp-block-list\">\n<li>D\u00e9velopp\u00e9 les op\u00e9rations pour consolider la position de RENO.ENERGY comme <strong>premier installateur solaire en Wallonie<\/strong><\/li>\n\n\n\n<li>R\u00e9alis\u00e9 des centaines d&rsquo;<strong>installations SolarEdge haute performance<\/strong> dans les segments r\u00e9sidentiel, commercial et industriel<\/li>\n\n\n\n<li>Contribu\u00e9 aux premiers <strong>d\u00e9ploiements agrivolta\u00efques<\/strong>, associant production d&rsquo;\u00e9nergie propre et agriculture durable<\/li>\n<\/ul>\n\n<h3 class=\"wp-block-heading\">Ce qui fait de RENO.ENERGY un leader du march\u00e9<\/h3>\n\n<ul class=\"wp-block-list\">\n<li>Un engagement fort envers la <strong>qualit\u00e9, la performance et le service apr\u00e8s-installation<\/strong><\/li>\n\n\n\n<li>Une <strong>excellence technique reconnue dans l&rsquo;int\u00e9gration SolarEdge<\/strong><\/li>\n\n\n\n<li>Une vision orient\u00e9e vers l&rsquo;avenir, port\u00e9e par l&rsquo;excellence op\u00e9rationnelle et l&rsquo;innovation<\/li>\n<\/ul>\n","protected":false},"excerpt":{"rendered":"<p>RENO.ENERGY \u2013 moteur du leadership wallon dans le solaire (2019-2024) De 2019 \u00e0 2024, j&rsquo;ai eu le privil\u00e8ge de collaborer avec RENO.ENERGY, la plus grande entreprise photovolta\u00efque de Wallonie, durant une p\u00e9riode cruciale d&rsquo;acc\u00e9l\u00e9ration et de consolidation. Ensemble, nous avons port\u00e9 le chiffre d&rsquo;affaires annuel de l&rsquo;entreprise \u00e0 plus de 12 millions d&rsquo;euros en 2023, &hellip; <\/p>\n<p class=\"link-more\"><a href=\"https:\/\/matypique.com\/fr\/reno\/\" class=\"more-link\">Continuer la lecture<span class=\"screen-reader-text\"> de &laquo;&nbsp;Reno&nbsp;&raquo;<\/span><\/a><\/p>\n","protected":false},"author":2,"featured_media":0,"parent":0,"menu_order":0,"comment_status":"closed","ping_status":"closed","template":"","meta":{"pgc_sgb_lightbox_settings":"","footnotes":""},"class_list":["post-1525","page","type-page","status-publish","hentry"],"_links":{"self":[{"href":"https:\/\/matypique.com\/fr\/wp-json\/wp\/v2\/pages\/1525","targetHints":{"allow":["GET"]}}],"collection":[{"href":"https:\/\/matypique.com\/fr\/wp-json\/wp\/v2\/pages"}],"about":[{"href":"https:\/\/matypique.com\/fr\/wp-json\/wp\/v2\/types\/page"}],"author":[{"embeddable":true,"href":"https:\/\/matypique.com\/fr\/wp-json\/wp\/v2\/users\/2"}],"replies":[{"embeddable":true,"href":"https:\/\/matypique.com\/fr\/wp-json\/wp\/v2\/comments?post=1525"}],"version-history":[{"count":1,"href":"https:\/\/matypique.com\/fr\/wp-json\/wp\/v2\/pages\/1525\/revisions"}],"predecessor-version":[{"id":1526,"href":"https:\/\/matypique.com\/fr\/wp-json\/wp\/v2\/pages\/1525\/revisions\/1526"}],"wp:attachment":[{"href":"https:\/\/matypique.com\/fr\/wp-json\/wp\/v2\/media?parent=1525"}],"curies":[{"name":"wp","href":"https:\/\/api.w.org\/{rel}","templated":true}]}}