{"id":1520,"date":"2025-07-20T16:18:19","date_gmt":"2025-07-20T14:18:19","guid":{"rendered":"https:\/\/matypique.com\/solaredge\/"},"modified":"2025-11-07T11:55:46","modified_gmt":"2025-11-07T10:55:46","slug":"solaredge","status":"publish","type":"page","link":"https:\/\/matypique.com\/fr\/solaredge\/","title":{"rendered":"Solaredge"},"content":{"rendered":"\n<h2 class=\"wp-block-heading\"><strong>SolarEdge \u2013 perspectives strat\u00e9giques et exp\u00e9rience terrain (2019-2024)<\/strong><\/h2>\n\n<p>Ayant travaill\u00e9 de <strong>2019 \u00e0 2024<\/strong> avec <strong>SolarEdge Technologies<\/strong>, j&rsquo;ai \u00e9t\u00e9 directement impliqu\u00e9 dans l&rsquo;expansion de l&rsquo;entreprise en Belgique \u2014 passant de <strong>10 millions \u20ac \u00e0 plus de 55 millions \u20ac<\/strong> de chiffre d&rsquo;affaires annuel.<br\/>Mon r\u00f4le couvrait les domaines des <strong>ventes<\/strong>, du <strong>conseil technique<\/strong> et du <strong>d\u00e9veloppement commercial<\/strong> pour les segments <strong>r\u00e9sidentiel<\/strong>, <strong>commercial<\/strong> et <strong>agrivolta\u00efque<\/strong>, m&rsquo;offrant une perspective \u00e0 360\u00b0 sur le positionnement de la marque sur le march\u00e9 et son potentiel de transformation.<\/p>\n\n<h3 class=\"wp-block-heading\"><strong>Un leader du march\u00e9 avec une vision int\u00e9gr\u00e9e<\/strong><\/h3>\n\n<p>SolarEdge n&rsquo;est pas qu&rsquo;une marque d&rsquo;onduleurs. C&rsquo;est un <strong>leader technologique mondial<\/strong> dans le domaine de <strong>l&rsquo;\u00e9nergie intelligente<\/strong>, permettant aux producteurs d&rsquo;\u00e9nergie et aux prosommateurs de maximiser leur rendement, de surveiller leurs performances en temps r\u00e9el et d&rsquo;interagir dynamiquement avec le r\u00e9seau. <\/p>\n\n<p>En Belgique, l&rsquo;entreprise s&rsquo;est solidement implant\u00e9e gr\u00e2ce \u00e0 :<\/p>\n\n<ul class=\"wp-block-list\">\n<li>Des <strong>produits hautement fiables<\/strong> avec optimisation au niveau des modules<\/li>\n\n\n\n<li>Des <strong>outils num\u00e9riques avanc\u00e9s<\/strong> pour les installateurs et les gestionnaires d&rsquo;\u00e9nergie<\/li>\n\n\n\n<li>Des <strong>\u00e9cosyst\u00e8mes int\u00e9gr\u00e9s<\/strong> incluant batteries, recharge de VE et monitoring \u00e9nerg\u00e9tique<\/li>\n<\/ul>\n\n<h3 class=\"wp-block-heading\"><strong>Segments cl\u00e9s et zones de d\u00e9ploiement<\/strong><\/h3>\n\n<ol class=\"wp-block-list\">\n<li><strong>Photovolta\u00efque r\u00e9sidentiel<\/strong> \u2013 Permettre aux foyers belges d&rsquo;acc\u00e9der \u00e0 une plus grande ind\u00e9pendance \u00e9nerg\u00e9tique et un contr\u00f4le intelligent de leur consommation.<\/li>\n\n\n\n<li><strong>Commercial et Industriel (C&amp;I)<\/strong> \u2013 Fournir des onduleurs triphas\u00e9s \u00e9volutifs avec des fonctionnalit\u00e9s EMS puissantes et compatibles VPP.<\/li>\n\n\n\n<li><strong>Agrivolta\u00efque<\/strong> \u2013 Pionnier dans les applications \u00e0 double usage des terres, particuli\u00e8rement en Flandre, o\u00f9 les terres agricoles sont reconverties pour produire efficacement \u00e0 la fois de la nourriture et de l&rsquo;\u00e9nergie.<\/li>\n<\/ol>\n\n<h3 class=\"wp-block-heading\"><strong>Diff\u00e9renciateurs technologiques<\/strong><\/h3>\n\n<ul class=\"wp-block-list\">\n<li><strong>M\u00e9canisme d&rsquo;arr\u00eat SafeDC\u2122<\/strong> garantissant une s\u00e9curit\u00e9 maximale<\/li>\n\n\n\n<li><strong>Donn\u00e9es au niveau des modules<\/strong> avec analyse d\u00e9taill\u00e9e des performances<\/li>\n\n\n\n<li><strong>Architecture \u00e9volutive<\/strong> : stockage, VE, VPP, tarifs dynamiques<\/li>\n\n\n\n<li><strong>Optimisation AgriPV<\/strong> : ombrage adaptatif, contr\u00f4le du rendement \u00e9nerg\u00e9tique, int\u00e9gration sur le terrain<\/li>\n<\/ul>\n\n<h3 class=\"wp-block-heading\"><strong>Expertise terrain et contribution personnelle<\/strong><\/h3>\n\n<p>Au cours de ces cinq ann\u00e9es, j&rsquo;ai :<\/p>\n\n<ul class=\"wp-block-list\">\n<li>\u00c9tabli des relations solides et de confiance avec les EPC et installateurs belges<\/li>\n\n\n\n<li>Men\u00e9 de nombreuses sessions de formation et fourni un support technique pr\u00e9-vente<\/li>\n\n\n\n<li>Contribu\u00e9 au d\u00e9ploiement des premiers <strong>projets pilotes agrivolta\u00efques<\/strong> avec l&rsquo;architecture SolarEdge<\/li>\n\n\n\n<li>Servi de pont entre les besoins du march\u00e9 et l&rsquo;\u00e9volution technologique<\/li>\n<\/ul>\n\n<p>\u00c0 travers ce parcours, j&rsquo;ai d\u00e9velopp\u00e9 une compr\u00e9hension approfondie du <strong>cadre r\u00e9glementaire<\/strong>, de la <strong>dynamique des prix de l&rsquo;\u00e9nergie<\/strong> et des <strong>tendances de d\u00e9carbonation<\/strong> en Belgique, me permettant aujourd&rsquo;hui d&rsquo;accompagner les entreprises, les autorit\u00e9s publiques et les d\u00e9veloppeurs dans la prise de d\u00e9cisions \u00e9nerg\u00e9tiques \u00e9clair\u00e9es et impactantes.<\/p>\n","protected":false},"excerpt":{"rendered":"<p>SolarEdge \u2013 perspectives strat\u00e9giques et exp\u00e9rience terrain (2019-2024) Ayant travaill\u00e9 de 2019 \u00e0 2024 avec SolarEdge Technologies, j&rsquo;ai \u00e9t\u00e9 directement impliqu\u00e9 dans l&rsquo;expansion de l&rsquo;entreprise en Belgique \u2014 passant de 10 millions \u20ac \u00e0 plus de 55 millions \u20ac de chiffre d&rsquo;affaires annuel.Mon r\u00f4le couvrait les domaines des ventes, du conseil technique et du d\u00e9veloppement &hellip; <\/p>\n<p class=\"link-more\"><a href=\"https:\/\/matypique.com\/fr\/solaredge\/\" class=\"more-link\">Continuer la lecture<span class=\"screen-reader-text\"> de &laquo;&nbsp;Solaredge&nbsp;&raquo;<\/span><\/a><\/p>\n","protected":false},"author":2,"featured_media":0,"parent":0,"menu_order":0,"comment_status":"closed","ping_status":"closed","template":"","meta":{"pgc_sgb_lightbox_settings":"","footnotes":""},"class_list":["post-1520","page","type-page","status-publish","hentry"],"_links":{"self":[{"href":"https:\/\/matypique.com\/fr\/wp-json\/wp\/v2\/pages\/1520","targetHints":{"allow":["GET"]}}],"collection":[{"href":"https:\/\/matypique.com\/fr\/wp-json\/wp\/v2\/pages"}],"about":[{"href":"https:\/\/matypique.com\/fr\/wp-json\/wp\/v2\/types\/page"}],"author":[{"embeddable":true,"href":"https:\/\/matypique.com\/fr\/wp-json\/wp\/v2\/users\/2"}],"replies":[{"embeddable":true,"href":"https:\/\/matypique.com\/fr\/wp-json\/wp\/v2\/comments?post=1520"}],"version-history":[{"count":1,"href":"https:\/\/matypique.com\/fr\/wp-json\/wp\/v2\/pages\/1520\/revisions"}],"predecessor-version":[{"id":1521,"href":"https:\/\/matypique.com\/fr\/wp-json\/wp\/v2\/pages\/1520\/revisions\/1521"}],"wp:attachment":[{"href":"https:\/\/matypique.com\/fr\/wp-json\/wp\/v2\/media?parent=1520"}],"curies":[{"name":"wp","href":"https:\/\/api.w.org\/{rel}","templated":true}]}}