{"id":1516,"date":"2023-08-03T10:56:14","date_gmt":"2023-08-03T08:56:14","guid":{"rendered":"https:\/\/matypique.com\/politique-de-confidentialite\/"},"modified":"2025-11-07T11:53:10","modified_gmt":"2025-11-07T10:53:10","slug":"politique-de-confidentialite","status":"publish","type":"page","link":"https:\/\/matypique.com\/fr\/politique-de-confidentialite\/","title":{"rendered":"Politique de confidentialit\u00e9"},"content":{"rendered":"\n<h1 class=\"wp-block-heading\">Matypique.com<\/h1>\n\n<h2 class=\"wp-block-heading\"><strong>Qui nous sommes<\/strong><\/h2>\n\n<p>L&rsquo;adresse de notre site web est : <a href=\"https:\/\/matypique.com\/fr\/\">https:\/\/matypique.com<\/a>.<\/p>\n\n<p>Pour toute <strong>r\u00e9clamation, demande de renseignements ou commentaire<\/strong>, veuillez nous contacter \u00e0 <strong><a>me@matypique.com<\/a><\/strong>.<\/p>\n\n<h2 class=\"wp-block-heading\"><strong>Commentaires<\/strong><\/h2>\n\n<p>Lorsque les visiteurs laissent des commentaires sur le site, nous collectons les donn\u00e9es affich\u00e9es dans le formulaire de commentaires, l&rsquo;<strong>adresse IP<\/strong> du visiteur et la <strong>cha\u00eene d&rsquo;agent utilisateur du navigateur<\/strong> pour aider \u00e0 d\u00e9tecter le spam.<\/p>\n\n<p>Une cha\u00eene anonymis\u00e9e (hachage) cr\u00e9\u00e9e \u00e0 partir de votre adresse e-mail peut \u00eatre fournie au <strong>service Gravatar<\/strong> pour v\u00e9rifier si vous l&rsquo;utilisez. La politique de confidentialit\u00e9 de Gravatar est disponible ici : <a href=\"https:\/\/automattic.com\/privacy\/\">https:\/\/automattic.com\/privacy\/<\/a>. Apr\u00e8s approbation du commentaire, votre <strong>photo de profil<\/strong> est visible publiquement \u00e0 c\u00f4t\u00e9 de votre commentaire.  <\/p>\n\n<p>Nous nous r\u00e9servons le droit de <strong>mod\u00e9rer, modifier ou supprimer tout commentaire<\/strong> qui viole nos politiques de contenu, y compris le <strong>spam, les discours de haine, les d\u00e9clarations diffamatoires ou le contenu ill\u00e9gal<\/strong>.<\/p>\n\n<p>Si vous avez des pr\u00e9occupations concernant un <strong>commentaire ou du contenu sur notre site<\/strong>, veuillez envoyer un e-mail \u00e0 <strong><a>me@matypique.com<\/a><\/strong>.<\/p>\n\n<h2 class=\"wp-block-heading\"><strong>M\u00e9dias<\/strong><\/h2>\n\n<p>Si vous t\u00e9l\u00e9chargez des images sur le site, \u00e9vitez de t\u00e9l\u00e9charger des images avec des <strong>donn\u00e9es de localisation int\u00e9gr\u00e9es (EXIF GPS)<\/strong>, car les visiteurs peuvent extraire les informations de localisation.<\/p>\n\n<p>Nous ne revendiquons pas la propri\u00e9t\u00e9 du contenu t\u00e9l\u00e9charg\u00e9, mais en t\u00e9l\u00e9chargeant des images, vous accordez \u00e0 Matypique.com une <strong>licence non exclusive et libre de redevances<\/strong> pour les utiliser en relation avec le site web.<\/p>\n\n<h2 class=\"wp-block-heading\"><strong>Cookies<\/strong><\/h2>\n\n<p>Si vous laissez un commentaire, vous pouvez choisir de sauvegarder votre <strong>nom, e-mail et site web<\/strong> dans des cookies pour votre commodit\u00e9. Ces cookies durent <strong>un an<\/strong>. <\/p>\n\n<p>Si vous visitez notre page de connexion, un <strong>cookie temporaire<\/strong> est install\u00e9 afin de v\u00e9rifier si votre navigateur accepte les cookies. Ce cookie ne contient <strong>aucune donn\u00e9e personnelle<\/strong> et est supprim\u00e9 lorsque vous fermez votre navigateur.<\/p>\n\n<p>Lorsque vous vous connectez :<\/p>\n\n<ul class=\"wp-block-list\">\n<li>Un <strong>cookie de connexion<\/strong> est d\u00e9fini pour <strong>deux jours<\/strong>.<\/li>\n\n\n\n<li>Un <strong>cookie de pr\u00e9f\u00e9rences d&rsquo;\u00e9cran<\/strong> dure <strong>un an<\/strong>.<\/li>\n\n\n\n<li>Si vous s\u00e9lectionnez <strong>\u00ab Se souvenir de moi \u00bb<\/strong>, votre connexion persiste pendant <strong>deux semaines<\/strong>.<\/li>\n\n\n\n<li>La d\u00e9connexion <strong>supprime le cookie de connexion<\/strong>.<\/li>\n<\/ul>\n\n<p>Lors de la modification ou de la publication de contenu, un <strong>cookie suppl\u00e9mentaire est stock\u00e9 pendant un jour<\/strong>, ne contenant <strong>aucune donn\u00e9e personnelle<\/strong>, seulement l&rsquo;ID de l&rsquo;article que vous avez modifi\u00e9.<\/p>\n\n<h3 class=\"wp-block-heading\"><strong>Cookies tiers<\/strong><\/h3>\n\n<p>Nous pouvons utiliser des services tiers (par exemple, <strong>Google Analytics, partenaires publicitaires, int\u00e9grations de m\u00e9dias sociaux<\/strong>) qui d\u00e9finissent des cookies sur votre appareil. Ces services peuvent collecter des informations sur <g id=\"gid_1\">votre comportement de navigation, interactions et pr\u00e9f\u00e9rences<\/g>. Vous pouvez g\u00e9rer les param\u00e8tres des cookies via les <strong>pr\u00e9f\u00e9rences de votre navigateur<\/strong>.  <\/p>\n\n<h2 class=\"wp-block-heading\"><strong>Contenu int\u00e9gr\u00e9 d&rsquo;autres sites web<\/strong><\/h2>\n\n<p>Les articles peuvent inclure du <strong>contenu int\u00e9gr\u00e9<\/strong> (vid\u00e9os, images, articles, etc.). Le contenu int\u00e9gr\u00e9 se comporte comme si vous aviez visit\u00e9 le <strong>site web d&rsquo;origine<\/strong>. <\/p>\n\n<p>Ces sites web <strong>peuvent collecter des donn\u00e9es, utiliser des cookies et suivre votre interaction<\/strong>, surtout si vous \u00eates connect\u00e9 \u00e0 leur plateforme. Matypique.com <strong>n&rsquo;est pas responsable<\/strong> de la fa\u00e7on dont les sites web tiers g\u00e8rent vos donn\u00e9es. <\/p>\n\n<h2 class=\"wp-block-heading\"><strong>Utilisation et transmission de vos donn\u00e9es personnelles<\/strong><\/h2>\n\n<ul class=\"wp-block-list\">\n<li>Si vous demandez une <strong>r\u00e9initialisation de mot de passe<\/strong>, votre <strong>adresse IP<\/strong> est incluse dans l&rsquo;e-mail de r\u00e9initialisation.<\/li>\n\n\n\n<li>Nous ne <strong>vendons, louons ou \u00e9changeons pas vos informations personnelles<\/strong> \u00e0 des tiers.<\/li>\n\n\n\n<li>Les donn\u00e9es peuvent \u00eatre partag\u00e9es avec des <strong>fournisseurs de services<\/strong> de confiance (par exemple, services d&rsquo;h\u00e9bergement, surveillance de s\u00e9curit\u00e9, analyses) sous des accords de confidentialit\u00e9 stricts.<\/li>\n<\/ul>\n\n<h2 class=\"wp-block-heading\"><strong>Conservation des donn\u00e9es<\/strong><\/h2>\n\n<ul class=\"wp-block-list\">\n<li>Si vous laissez un <strong>commentaire<\/strong>, le commentaire et ses m\u00e9tadonn\u00e9es sont stock\u00e9s <strong>ind\u00e9finiment<\/strong> pour la mod\u00e9ration et la pr\u00e9vention de la fraude.<\/li>\n\n\n\n<li>Pour les utilisateurs enregistr\u00e9s, nous stockons les <strong>donn\u00e9es de profil<\/strong>. Les utilisateurs peuvent consulter, modifier ou supprimer leurs informations \u00e0 tout moment (sauf leur nom d&rsquo;utilisateur). <\/li>\n\n\n\n<li>Nous nous r\u00e9servons le droit de <strong>conserver les donn\u00e9es<\/strong> requises \u00e0 des <strong>fins l\u00e9gales, de s\u00e9curit\u00e9 et administratives<\/strong> m\u00eame apr\u00e8s la suppression d&rsquo;un compte.<\/li>\n<\/ul>\n\n<h2 class=\"wp-block-heading\"><strong>Vos droits sur vos donn\u00e9es<\/strong><\/h2>\n\n<p>Si vous avez un <strong>compte<\/strong> ou avez laiss\u00e9 des <strong>commentaires<\/strong>, vous pouvez demander :<\/p>\n\n<ol class=\"wp-block-list\">\n<li>Un <strong>fichier d&rsquo;exportation<\/strong> de vos donn\u00e9es personnelles.<\/li>\n\n\n\n<li>La <strong>suppression de vos donn\u00e9es personnelles<\/strong>, sauf les donn\u00e9es requises pour les obligations l\u00e9gales, la pr\u00e9vention de la fraude ou la conformit\u00e9 de s\u00e9curit\u00e9.<\/li>\n<\/ol>\n\n<p>Pour faire une demande, contactez-nous \u00e0 <strong><a>me@matypique.com<\/a><\/strong>. Nous pouvons exiger une v\u00e9rification d&rsquo;identit\u00e9 avant de traiter votre demande.<\/p>\n\n<h2 class=\"wp-block-heading\"><strong>S\u00e9curit\u00e9 des donn\u00e9es<\/strong><\/h2>\n\n<p>Nous prenons des <strong>mesures de s\u00e9curit\u00e9 raisonnables<\/strong> pour prot\u00e9ger vos donn\u00e9es personnelles contre l&rsquo;<strong>acc\u00e8s non autoris\u00e9, l&rsquo;alt\u00e9ration, la divulgation ou la destruction<\/strong>. Cependant, aucune m\u00e9thode de transmission sur internet n&rsquo;est s\u00e9curis\u00e9e \u00e0 100 %, et nous ne pouvons pas <strong>garantir une s\u00e9curit\u00e9 absolue<\/strong>.<\/p>\n\n<p>En cas de <strong>violation de donn\u00e9es<\/strong>, les utilisateurs concern\u00e9s seront notifi\u00e9s comme l&rsquo;exige la loi.<\/p>\n\n<h2 class=\"wp-block-heading\"><strong>Transmission de donn\u00e9es personnelles<\/strong><\/h2>\n\n<ul class=\"wp-block-list\">\n<li>Les commentaires peuvent \u00eatre <strong>v\u00e9rifi\u00e9s par un service automatis\u00e9 de d\u00e9tection de spam<\/strong>.<\/li>\n\n\n\n<li>Nous pouvons divulguer des donn\u00e9es personnelles lorsque cela est requis par la <strong>loi, une ordonnance du tribunal ou une demande r\u00e9glementaire<\/strong>.<\/li>\n<\/ul>\n\n<h2 class=\"wp-block-heading\"><strong>Confidentialit\u00e9 des enfants<\/strong><\/h2>\n\n<p>Matypique.com <strong>n&rsquo;est pas destin\u00e9 aux enfants de moins de 13 ans<\/strong>. Nous ne collectons pas sciemment de donn\u00e9es personnelles d&rsquo;enfants. Si nous d\u00e9couvrons qu&rsquo;un enfant a fourni des donn\u00e9es personnelles, nous les <strong>supprimerons imm\u00e9diatement<\/strong>.<\/p>\n\n<h2 class=\"wp-block-heading\"><strong>Clause de non-responsabilit\u00e9<\/strong><\/h2>\n\n<p>Matypique.com est fourni \u00ab en l&rsquo;\u00e9tat \u00bb sans garanties d&rsquo;aucune sorte. Nous ne sommes pas responsables de :<\/p>\n\n<ul class=\"wp-block-list\">\n<li>Les <strong>temps d&rsquo;arr\u00eat, erreurs ou interruptions<\/strong> dus \u00e0 la maintenance ou \u00e0 des facteurs externes.<\/li>\n\n\n\n<li>La <strong>perte de donn\u00e9es, piratage ou cyberattaques<\/strong> affectant les comptes utilisateurs.<\/li>\n\n\n\n<li>Le <strong>contenu partag\u00e9 par les utilisateurs<\/strong> (par exemple, commentaires, fichiers t\u00e9l\u00e9charg\u00e9s).<\/li>\n<\/ul>\n\n<h2 class=\"wp-block-heading\"><strong>R\u00e9clamations et contact<\/strong><\/h2>\n\n<p>Si vous avez des pr\u00e9occupations, r\u00e9clamations ou avez besoin de clarifications concernant cette politique de confidentialit\u00e9, veuillez nous contacter \u00e0 :<br\/>\ud83d\udce7 <strong><a>me@matypique.com<\/a><\/strong><\/p>\n\n<h2 class=\"wp-block-heading\"><strong>Modifications de cette politique<\/strong><\/h2>\n\n<p>Nous pouvons mettre \u00e0 jour cette <strong>Politique de confidentialit\u00e9<\/strong> p\u00e9riodiquement. Les utilisateurs seront notifi\u00e9s des <strong>changements significatifs<\/strong> par e-mail ou annonces sur le site web. L&rsquo;utilisation continue de Matypique.com implique l&rsquo;<strong>acceptation de toute mise \u00e0 jour<\/strong>.<\/p>\n","protected":false},"excerpt":{"rendered":"<p>Matypique.com Qui nous sommes L&rsquo;adresse de notre site web est : https:\/\/matypique.com. Pour toute r\u00e9clamation, demande de renseignements ou commentaire, veuillez nous contacter \u00e0 me@matypique.com. Commentaires Lorsque les visiteurs laissent des commentaires sur le site, nous collectons les donn\u00e9es affich\u00e9es dans le formulaire de commentaires, l&rsquo;adresse IP du visiteur et la cha\u00eene d&rsquo;agent utilisateur du &hellip; <\/p>\n<p class=\"link-more\"><a href=\"https:\/\/matypique.com\/fr\/politique-de-confidentialite\/\" class=\"more-link\">Continuer la lecture<span class=\"screen-reader-text\"> de &laquo;&nbsp;Politique de confidentialit\u00e9&nbsp;&raquo;<\/span><\/a><\/p>\n","protected":false},"author":2,"featured_media":0,"parent":0,"menu_order":0,"comment_status":"closed","ping_status":"open","template":"","meta":{"pgc_sgb_lightbox_settings":"","footnotes":""},"class_list":["post-1516","page","type-page","status-publish","hentry"],"_links":{"self":[{"href":"https:\/\/matypique.com\/fr\/wp-json\/wp\/v2\/pages\/1516","targetHints":{"allow":["GET"]}}],"collection":[{"href":"https:\/\/matypique.com\/fr\/wp-json\/wp\/v2\/pages"}],"about":[{"href":"https:\/\/matypique.com\/fr\/wp-json\/wp\/v2\/types\/page"}],"author":[{"embeddable":true,"href":"https:\/\/matypique.com\/fr\/wp-json\/wp\/v2\/users\/2"}],"replies":[{"embeddable":true,"href":"https:\/\/matypique.com\/fr\/wp-json\/wp\/v2\/comments?post=1516"}],"version-history":[{"count":1,"href":"https:\/\/matypique.com\/fr\/wp-json\/wp\/v2\/pages\/1516\/revisions"}],"predecessor-version":[{"id":1517,"href":"https:\/\/matypique.com\/fr\/wp-json\/wp\/v2\/pages\/1516\/revisions\/1517"}],"wp:attachment":[{"href":"https:\/\/matypique.com\/fr\/wp-json\/wp\/v2\/media?parent=1516"}],"curies":[{"name":"wp","href":"https:\/\/api.w.org\/{rel}","templated":true}]}}