{"id":1342,"date":"2025-11-05T14:00:51","date_gmt":"2025-11-05T13:00:51","guid":{"rendered":"https:\/\/matypique.com\/contact\/"},"modified":"2025-12-06T16:30:59","modified_gmt":"2025-12-06T15:30:59","slug":"contact","status":"publish","type":"page","link":"https:\/\/matypique.com\/fr\/contact\/","title":{"rendered":"Contact"},"content":{"rendered":"\n<div class=\"wp-block-group alignfull is-content-justification-center\" style=\"margin-top:0;margin-bottom:0\"><div class=\"wp-block-group__inner-container is-layout-constrained wp-block-group-is-layout-constrained\">\n<div style=\"height:var(--wp--preset--spacing--20)\" aria-hidden=\"true\" class=\"wp-block-spacer\"><\/div>\n\n\n\n<div class=\"wp-block-group alignwide\"><div class=\"wp-block-group__inner-container is-layout-flow wp-block-group-is-layout-flow\">\n<div class=\"wp-block-columns alignwide is-layout-flex wp-container-core-columns-is-layout-ac3ebc3b wp-block-columns-is-layout-flex\">\n<div class=\"wp-block-column is-vertically-aligned-top is-content-justification-left is-layout-constrained wp-container-core-column-is-layout-02d07192 wp-block-column-is-layout-constrained\">\n<p class=\"has-large-font-size\">Otjacques Mathieu<\/p>\n\n\n\n<p>D\u00e9veloppeur commercial et sp\u00e9cialiste de l&rsquo;\u00e9nergie<\/p>\n\n\n\n<p><strong>GSM :<\/strong> <a href=\"tel:+32496888028\">+32 (0) 496 888 028<\/a><\/p>\n\n\n\n<p><strong>E-mail :<\/strong> <a href=\"mailto:me@matypique.com\">me@matypique.com<\/a><\/p>\n\n\n\n<figure class=\"wp-block-image size-full is-resized\"><a href=\"https:\/\/be.linkedin.com\/in\/otjacquesmathieu\" target=\"_blank\" rel=\" noreferrer noopener\"><img loading=\"lazy\" decoding=\"async\" width=\"512\" height=\"512\" src=\"https:\/\/matypique.com\/wp-content\/uploads\/2025\/11\/Linkedin-Black-White-Square.png\" alt=\"\" class=\"wp-image-1353\" style=\"width:30px\" srcset=\"https:\/\/matypique.com\/wp-content\/uploads\/2025\/11\/Linkedin-Black-White-Square.png 512w, https:\/\/matypique.com\/wp-content\/uploads\/2025\/11\/Linkedin-Black-White-Square-300x300.png 300w, https:\/\/matypique.com\/wp-content\/uploads\/2025\/11\/Linkedin-Black-White-Square-150x150.png 150w, https:\/\/matypique.com\/wp-content\/uploads\/2025\/11\/Linkedin-Black-White-Square-100x100.png 100w\" sizes=\"auto, (max-width: 512px) 100vw, 512px\" \/><\/a><\/figure>\n<\/div>\n\n\n\n<div class=\"wp-block-column is-vertically-aligned-top is-layout-flow wp-block-column-is-layout-flow\" style=\"flex-basis:40%\">\n<p>D\u00e9veloppeur commercial et sp\u00e9cialiste de l&rsquo;\u00e9nergie Engag\u00e9 \u00e0 promouvoir les solutions d&rsquo;\u00e9nergie renouvelable, \u00e0 optimiser l&rsquo;efficacit\u00e9 et \u00e0 favoriser les partenariats durables. Passionn\u00e9 par l&rsquo;innovation et la performance, tant dans les affaires qu&rsquo;en tant que coach.<\/p>\n\n\n\n<div class=\"wp-block-buttons is-content-justification-left is-layout-flex wp-container-core-buttons-is-layout-fdcfc74e wp-block-buttons-is-layout-flex\">\n<div class=\"wp-block-button is-style-outline is-style-outline--1\"><a class=\"wp-block-button__link wp-element-button\" href=\"https:\/\/matypique.com\/?qr-code=1307\" style=\"border-radius:10px\">Ajouter mon Contact<\/a><\/div>\n<\/div>\n<\/div>\n<\/div>\n<\/div><\/div>\n\n\n\n<div style=\"height:var(--wp--preset--spacing--20)\" aria-hidden=\"true\" class=\"wp-block-spacer\"><\/div>\n\n\n\n<figure class=\"wp-block-image size-full\"><img decoding=\"async\" src=\"https:\/\/matypique.com\/wp-content\/uploads\/2025\/11\/Parapente-Mathieu-Breathing-Space-altitude-.png\" alt=\"\" class=\"wp-image-1338\" style=\"aspect-ratio:16\/9;object-fit:cover\"\/><\/figure>\n\n\n\n<p><\/p>\n<\/div><\/div>\n\n\n\n<blockquote class=\"wp-block-quote is-style-default is-layout-flow wp-block-quote-is-layout-flow\">\n<p class=\"has-text-align-left has-black-color has-text-color has-link-color has-medium-font-size wp-elements-200730a26ff3daa52db1ab04305032fa\"><strong>Avez-vous un projet ou une id\u00e9e qui m\u00e9rite d&rsquo;\u00eatre explor\u00e9e ?<\/strong><br><strong>Commen\u00e7ons une conversation; c&rsquo;est l\u00e0 que naissent les meilleures id\u00e9es.<\/strong><\/p>\n<\/blockquote>\n\n\n\n<div class=\"forminator-guttenberg\"><div class=\"forminator-ui forminator-custom-form forminator-custom-form-1217 forminator-design--default  forminator_ajax\" data-forminator-render=\"0\" data-form=\"forminator-module-1217\" data-uid=\"69e5e5360dc5b\"><br\/><\/div><form\n\t\t\t\tid=\"forminator-module-1217\"\n\t\t\t\tclass=\"forminator-ui forminator-custom-form forminator-custom-form-1217 forminator-design--default  forminator_ajax\"\n\t\t\t\tmethod=\"post\"\n\t\t\t\tdata-forminator-render=\"0\"\n\t\t\t\tdata-form-id=\"1217\"\n\t\t\t\t data-color-option=\"theme\" data-design=\"default\" data-grid=\"open\" style=\"display: none;\"\n\t\t\t\tdata-uid=\"69e5e5360dc5b\"\n\t\t\t><div role=\"alert\" aria-live=\"polite\" class=\"forminator-response-message forminator-error\" aria-hidden=\"true\"><\/div><div class=\"forminator-row\"><div id=\"name-1\" class=\"forminator-field-name forminator-col forminator-col-6 \"><div class=\"forminator-field\"><label for=\"forminator-field-name-1_69e5e5360dc5b\" id=\"forminator-field-name-1_69e5e5360dc5b-label\" class=\"forminator-label\">Nom de Famille <span class=\"forminator-required\">*<\/span><\/label><input type=\"text\" name=\"name-1\" value=\"\" placeholder=\"Ex:  Edisson\" id=\"forminator-field-name-1_69e5e5360dc5b\" class=\"forminator-input forminator-name--field\" aria-required=\"true\" autocomplete=\"name\" aria-describedby=\"forminator-field-name-1_69e5e5360dc5b-description\" \/><span id=\"forminator-field-name-1_69e5e5360dc5b-description\" class=\"forminator-description\">Nom de Famille<\/span><\/div><\/div><div id=\"name-2\" class=\"forminator-field-name forminator-col forminator-col-6 \"><div class=\"forminator-field\"><label for=\"forminator-field-name-2_69e5e5360dc5b\" id=\"forminator-field-name-2_69e5e5360dc5b-label\" class=\"forminator-label\">Pr\u00e9nom <span class=\"forminator-required\">*<\/span><\/label><input type=\"text\" name=\"name-2\" value=\"\" placeholder=\"Ex: Thomas\" id=\"forminator-field-name-2_69e5e5360dc5b\" class=\"forminator-input forminator-name--field\" aria-required=\"true\" autocomplete=\"off\" aria-describedby=\"forminator-field-name-2_69e5e5360dc5b-description\" \/><span id=\"forminator-field-name-2_69e5e5360dc5b-description\" class=\"forminator-description\">Pr\u00e9nom<\/span><\/div><\/div><\/div><div class=\"forminator-row\"><div id=\"email-1\" class=\"forminator-field-email forminator-col forminator-col-6 \"><div class=\"forminator-field\"><label for=\"forminator-field-email-1_69e5e5360dc5b\" id=\"forminator-field-email-1_69e5e5360dc5b-label\" class=\"forminator-label\">Adresse Email <span class=\"forminator-required\">*<\/span><\/label><input type=\"email\" name=\"email-1\" value=\"\" placeholder=\"Ex: votrenom@mail.com\" id=\"forminator-field-email-1_69e5e5360dc5b\" class=\"forminator-input forminator-email--field\" data-required=\"true\" aria-required=\"true\" autocomplete=\"email\" \/><\/div><\/div><div id=\"phone-2\" class=\"forminator-field-phone forminator-col forminator-col-6 \"><div class=\"forminator-field\"><label for=\"forminator-field-phone-2_69e5e5360dc5b\" id=\"forminator-field-phone-2_69e5e5360dc5b-label\" class=\"forminator-label\">T\u00e9lephone <span class=\"forminator-required\">*<\/span><\/label><input type=\"text\" name=\"phone-2\" value=\"\" placeholder=\"Votre Mobile\" id=\"forminator-field-phone-2_69e5e5360dc5b\" class=\"forminator-input forminator-field--phone\" data-required=\"1\" aria-required=\"true\" autocomplete=\"off\" \/><\/div><\/div><\/div><div class=\"forminator-row\"><div id=\"textarea-1\" class=\"forminator-field-textarea forminator-col forminator-col-12 \"><div class=\"forminator-field\"><label for=\"forminator-field-textarea-1_69e5e5360dc5b\" id=\"forminator-field-textarea-1_69e5e5360dc5b-label\" class=\"forminator-label\">Message<\/label><textarea name=\"textarea-1\" placeholder=\"Veuillez r\u00e9diger un message clair et percutant.\" id=\"forminator-field-textarea-1_69e5e5360dc5b\" class=\"forminator-textarea\" rows=\"6\" style=\"min-height:140px;\" maxlength=\"180\" ><\/textarea><span id=\"forminator-field-textarea-1_69e5e5360dc5b-description\" class=\"forminator-description\"><span data-limit=\"180\" data-type=\"characters\" data-editor=\"\">0 \/ 180<\/span><\/span><\/div><\/div><\/div><div class=\"forminator-row\"><div id=\"captcha-1\" class=\"forminator-field-captcha forminator-col forminator-col-12 \"><div class=\"forminator-captcha-right forminator-turnstile\" data-theme=\"light\" data-language=\"fr-fr\" data-sitekey=\"0x4AAAAAAB-aeHiPPGwW64xu\" data-size=\"normal\"><\/div> <\/div><\/div><input type=\"hidden\" name=\"referer_url\" value=\"\" \/><div class=\"forminator-row forminator-row-last\"><div class=\"forminator-col\"><div class=\"forminator-field\"><button class=\"forminator-button forminator-button-submit center-button\">Envoyer<\/button><\/div><\/div><\/div><input type=\"hidden\" id=\"forminator_nonce\" name=\"forminator_nonce\" value=\"5186171dc9\" \/><input type=\"hidden\" name=\"_wp_http_referer\" value=\"\/fr\/wp-json\/wp\/v2\/pages\/1342\" \/><input type=\"hidden\" name=\"form_id\" value=\"1217\"><input type=\"hidden\" name=\"page_id\" value=\"1342\"><input type=\"hidden\" name=\"form_type\" value=\"default\"><input type=\"hidden\" name=\"current_url\" value=\"https:\/\/matypique.com\/fr\/contact\/\"><input type=\"hidden\" name=\"render_id\" value=\"0\"><input type=\"hidden\" name=\"action\" value=\"forminator_submit_form_custom-forms\"><\/form><\/div>\n\n\n\n<div style=\"height:100px\" aria-hidden=\"true\" class=\"wp-block-spacer\"><\/div>\n\n\n<div class=\"wp-block-image\">\n<figure class=\"aligncenter size-full\"><img loading=\"lazy\" decoding=\"async\" width=\"302\" height=\"302\" src=\"https:\/\/matypique.com\/wp-content\/uploads\/2025\/12\/QR-code-Matypique-.png\" alt=\"\" class=\"wp-image-1615\" srcset=\"https:\/\/matypique.com\/wp-content\/uploads\/2025\/12\/QR-code-Matypique-.png 302w, https:\/\/matypique.com\/wp-content\/uploads\/2025\/12\/QR-code-Matypique--300x300.png 300w, https:\/\/matypique.com\/wp-content\/uploads\/2025\/12\/QR-code-Matypique--150x150.png 150w, https:\/\/matypique.com\/wp-content\/uploads\/2025\/12\/QR-code-Matypique--100x100.png 100w\" sizes=\"auto, (max-width: 302px) 100vw, 302px\" \/><\/figure>\n<\/div>\n\n\n<div class=\"wp-block-buttons is-content-justification-center is-layout-flex wp-container-core-buttons-is-layout-28206b41 wp-block-buttons-is-layout-flex\">\n<div class=\"wp-block-button has-custom-width wp-block-button__width-50 is-style-outline is-style-outline--2\"><a class=\"wp-block-button__link has-text-align-center wp-element-button\" href=\"https:\/\/matypique.com\/?qr-code=1307\" style=\"border-radius:10px\">Ajouter mon Contact<\/a><\/div>\n<\/div>\n\n\n\n<p><\/p>\n","protected":false},"excerpt":{"rendered":"<p>Otjacques Mathieu D\u00e9veloppeur commercial et sp\u00e9cialiste de l&rsquo;\u00e9nergie GSM : +32 (0) 496 888 028 E-mail : me@matypique.com D\u00e9veloppeur commercial et sp\u00e9cialiste de l&rsquo;\u00e9nergie Engag\u00e9 \u00e0 promouvoir les solutions d&rsquo;\u00e9nergie renouvelable, \u00e0 optimiser l&rsquo;efficacit\u00e9 et \u00e0 favoriser les partenariats durables. Passionn\u00e9 par l&rsquo;innovation et la performance, tant dans les affaires qu&rsquo;en tant que coach. Avez-vous &hellip; <\/p>\n<p class=\"link-more\"><a href=\"https:\/\/matypique.com\/fr\/contact\/\" class=\"more-link\">Continuer la lecture<span class=\"screen-reader-text\"> de &laquo;&nbsp;Contact&nbsp;&raquo;<\/span><\/a><\/p>\n","protected":false},"author":2,"featured_media":0,"parent":0,"menu_order":0,"comment_status":"closed","ping_status":"closed","template":"","meta":{"pgc_sgb_lightbox_settings":"","footnotes":""},"class_list":["post-1342","page","type-page","status-publish","hentry"],"_links":{"self":[{"href":"https:\/\/matypique.com\/fr\/wp-json\/wp\/v2\/pages\/1342","targetHints":{"allow":["GET"]}}],"collection":[{"href":"https:\/\/matypique.com\/fr\/wp-json\/wp\/v2\/pages"}],"about":[{"href":"https:\/\/matypique.com\/fr\/wp-json\/wp\/v2\/types\/page"}],"author":[{"embeddable":true,"href":"https:\/\/matypique.com\/fr\/wp-json\/wp\/v2\/users\/2"}],"replies":[{"embeddable":true,"href":"https:\/\/matypique.com\/fr\/wp-json\/wp\/v2\/comments?post=1342"}],"version-history":[{"count":31,"href":"https:\/\/matypique.com\/fr\/wp-json\/wp\/v2\/pages\/1342\/revisions"}],"predecessor-version":[{"id":1621,"href":"https:\/\/matypique.com\/fr\/wp-json\/wp\/v2\/pages\/1342\/revisions\/1621"}],"wp:attachment":[{"href":"https:\/\/matypique.com\/fr\/wp-json\/wp\/v2\/media?parent=1342"}],"curies":[{"name":"wp","href":"https:\/\/api.w.org\/{rel}","templated":true}]}}