{"id":1180,"date":"2025-07-20T16:42:48","date_gmt":"2025-07-20T14:42:48","guid":{"rendered":"https:\/\/matypique.com\/wattmatters\/"},"modified":"2025-11-07T12:00:48","modified_gmt":"2025-11-07T11:00:48","slug":"wattmatters","status":"publish","type":"page","link":"https:\/\/matypique.com\/fr\/wattmatters\/","title":{"rendered":"Wattmatters"},"content":{"rendered":"\n<h2 class=\"wp-block-heading\"><strong>Watt matters \u2013 l&rsquo;ambition de devenir une r\u00e9f\u00e9rence dans l&rsquo;int\u00e9gration des \u00e9nergies renouvelables<\/strong><\/h2>\n\n<p>Fond\u00e9e en 2015, <strong>Watt Matters<\/strong> a rapidement \u00e9volu\u00e9 pour devenir un partenaire \u00e9nerg\u00e9tique de confiance \u00e0 Bruxelles et en Wallonie, sp\u00e9cialis\u00e9e dans la <strong>conception, le financement, l&rsquo;installation et l&rsquo;exploitation \u00e0 long terme<\/strong> de syst\u00e8mes renouvelables et d&rsquo;efficacit\u00e9 \u00e9nerg\u00e9tique pour les copropri\u00e9t\u00e9s et les b\u00e2timents publics.<\/p>\n\n<h3 class=\"wp-block-heading\">\ud83d\udd27 <strong>solutions de pointe \u00e0 travers diff\u00e9rentes technologies<\/strong><\/h3>\n\n<ul class=\"wp-block-list\">\n<li><strong>Photovolta\u00efque<\/strong>, <strong>cog\u00e9n\u00e9ration<\/strong>, <strong>pompes \u00e0 chaleur<\/strong>, <strong>g\u00e9othermie<\/strong> et <strong>syst\u00e8mes CVC<\/strong> : plus de 2 824 kW de PV, 800 kWth en pompes \u00e0 chaleur et 1 740 kWe de cog\u00e9n\u00e9ration install\u00e9s.<\/li>\n\n\n\n<li>Int\u00e9gration de <strong>communaut\u00e9s \u00e9nerg\u00e9tiques<\/strong>, permettant des mod\u00e8les de production partag\u00e9e et d&rsquo;autoconsommation collective dans les b\u00e2timents urbains.<\/li>\n\n\n\n<li><strong>Solutions CVC et g\u00e9othermiques<\/strong> avanc\u00e9es, incluant des plateformes de r\u00e9gulation intelligente comme Priva.<\/li>\n<\/ul>\n\n<h3 class=\"wp-block-heading\">\ud83d\udcbc <strong>succ\u00e8s commercial, excellence technique<\/strong><\/h3>\n\n<ul class=\"wp-block-list\">\n<li>Plus de <strong>14 millions \u20ac investis<\/strong>, dont pr\u00e8s de 3 millions cofinanc\u00e9s par les citoyens ; au service de plus de 70 copropri\u00e9t\u00e9s, 7 institutions publiques et plus de 5 500 appartements \u00e0 Bruxelles.<\/li>\n\n\n\n<li>Portefeuille de r\u00e9f\u00e9rences \u00e9tendu : syst\u00e8mes de cog\u00e9n\u00e9ration et pompes \u00e0 chaleur dans des copropri\u00e9t\u00e9s de renom telles que \u00ab La Savoie \u00bb, \u00ab City Dox \u00bb et bien d&rsquo;autres. <\/li>\n\n\n\n<li>Structure de support commercial robuste, comprenant une \u00e9quipe pluridisciplinaire (Ventes, Administration, Technique) suivant un mod\u00e8le DBFMO qui garantit la qualit\u00e9 de la conception \u00e0 l&rsquo;exploitation.<\/li>\n\n\n\n<li>Pr\u00e9sence active dans les m\u00e9dias, mise en \u00e9vidence par la couverture des solutions de bornes de recharge VE et des projets \u00e9nerg\u00e9tiques cl\u00e9s en main dans les organes de presse depuis fin 2023.<\/li>\n<\/ul>\n\n<hr class=\"wp-block-separator has-alpha-channel-opacity\"\/>\n\n<h3 class=\"wp-block-heading\">\ud83d\ude80 <strong>vision strat\u00e9gique : un leader national<\/strong><\/h3>\n\n<p>Notre ambition est d&rsquo;\u00e9lever <strong>Watt Matters<\/strong> au rang de <strong>r\u00e9f\u00e9rence incontournable<\/strong> dans les \u00e9nergies renouvelables int\u00e9gr\u00e9es\u2014du <strong>solaire<\/strong> \u00e0 la <strong>g\u00e9othermie<\/strong>, aux syst\u00e8mes <strong>CVC<\/strong> et aux <strong>communaut\u00e9s \u00e9nerg\u00e9tiques<\/strong>. Voici notre feuille de route :<\/p>\n\n<ol class=\"wp-block-list\">\n<li><strong>Ancr\u00e9s \u00e0 Bruxelles<\/strong>, nous renforcerons notre notori\u00e9t\u00e9 en ciblant les <strong>projets de copropri\u00e9t\u00e9 tiers<\/strong> et les campagnes d&rsquo;institutions publiques.<\/li>\n\n\n\n<li>Nous nous appuierons sur cette base pour devenir l&rsquo;int\u00e9grateur \u00e9nerg\u00e9tique de r\u00e9f\u00e9rence pour tous les <strong>promoteurs immobiliers de nouvelles constructions<\/strong> en Belgique\u2014offrant non seulement des solutions techniques mais aussi un accompagnement complet des projets et un suivi des performances \u00e0 long terme.<\/li>\n\n\n\n<li>En positionnant Watt Matters au c\u0153ur des \u00e9changes avec les architectes, les ACP, les conseils municipaux et les groupes immobiliers, nous veillerons \u00e0 ce que chaque nouvelle construction consid\u00e8re\u2014et fasse appel \u00e0\u2014notre expertise en syst\u00e8mes renouvelables d\u00e8s sa conception.<\/li>\n<\/ol>\n\n<hr class=\"wp-block-separator has-alpha-channel-opacity\"\/>\n\n<p><strong>Watt Matters<\/strong> red\u00e9finit d\u00e9j\u00e0 les paysages \u00e9nerg\u00e9tiques urbains. En devenant le partenaire de r\u00e9f\u00e9rence pour les solutions durables int\u00e9gr\u00e9es, nous donnons \u00e0 chaque propri\u00e9taire de b\u00e2timent belge les moyens de construire, d&rsquo;\u00e9conomiser et de p\u00e9renniser son avenir \u00e9nerg\u00e9tique.<\/p>\n","protected":false},"excerpt":{"rendered":"<p>Watt matters \u2013 l&rsquo;ambition de devenir une r\u00e9f\u00e9rence dans l&rsquo;int\u00e9gration des \u00e9nergies renouvelables Fond\u00e9e en 2015, Watt Matters a rapidement \u00e9volu\u00e9 pour devenir un partenaire \u00e9nerg\u00e9tique de confiance \u00e0 Bruxelles et en Wallonie, sp\u00e9cialis\u00e9e dans la conception, le financement, l&rsquo;installation et l&rsquo;exploitation \u00e0 long terme de syst\u00e8mes renouvelables et d&rsquo;efficacit\u00e9 \u00e9nerg\u00e9tique pour les copropri\u00e9t\u00e9s et &hellip; <\/p>\n<p class=\"link-more\"><a href=\"https:\/\/matypique.com\/fr\/wattmatters\/\" class=\"more-link\">Continuer la lecture<span class=\"screen-reader-text\"> de &laquo;&nbsp;Wattmatters&nbsp;&raquo;<\/span><\/a><\/p>\n","protected":false},"author":2,"featured_media":0,"parent":0,"menu_order":0,"comment_status":"closed","ping_status":"closed","template":"","meta":{"pgc_sgb_lightbox_settings":"","footnotes":""},"class_list":["post-1180","page","type-page","status-publish","hentry"],"_links":{"self":[{"href":"https:\/\/matypique.com\/fr\/wp-json\/wp\/v2\/pages\/1180","targetHints":{"allow":["GET"]}}],"collection":[{"href":"https:\/\/matypique.com\/fr\/wp-json\/wp\/v2\/pages"}],"about":[{"href":"https:\/\/matypique.com\/fr\/wp-json\/wp\/v2\/types\/page"}],"author":[{"embeddable":true,"href":"https:\/\/matypique.com\/fr\/wp-json\/wp\/v2\/users\/2"}],"replies":[{"embeddable":true,"href":"https:\/\/matypique.com\/fr\/wp-json\/wp\/v2\/comments?post=1180"}],"version-history":[{"count":2,"href":"https:\/\/matypique.com\/fr\/wp-json\/wp\/v2\/pages\/1180\/revisions"}],"predecessor-version":[{"id":1524,"href":"https:\/\/matypique.com\/fr\/wp-json\/wp\/v2\/pages\/1180\/revisions\/1524"}],"wp:attachment":[{"href":"https:\/\/matypique.com\/fr\/wp-json\/wp\/v2\/media?parent=1180"}],"curies":[{"name":"wp","href":"https:\/\/api.w.org\/{rel}","templated":true}]}}