{"id":1171,"date":"2025-04-27T18:32:52","date_gmt":"2025-04-27T16:32:52","guid":{"rendered":"https:\/\/matypique.com\/plus-quun-emploi\/"},"modified":"2025-11-10T10:30:25","modified_gmt":"2025-11-10T09:30:25","slug":"le-sens-du-travail","status":"publish","type":"page","link":"https:\/\/matypique.com\/fr\/le-sens-du-travail\/","title":{"rendered":"Le sens du travail"},"content":{"rendered":"\n<h3 class=\"wp-block-heading has-text-align-left\"><strong>Chercher un emploi ne se r\u00e9sume pas \u00e0 chercher un salaire ou un patron.<\/strong><\/h3>\n\n<p class=\"has-text-align-left\">C&rsquo;est chercher un mode de vie.<\/p>\n\n<p class=\"has-text-align-left\">C&rsquo;est chercher un sens, une direction claire,<br\/>une stimulation quotidienne qui \u00e9veille l&rsquo;esprit,<br\/>nourrit l&rsquo;\u00e2me,<br\/>et nous permet d&rsquo;\u00e9voluer en conscience.<\/p>\n\n<p class=\"has-text-align-left\">Un emploi n&rsquo;est pas qu&rsquo;un poste \u00e0 pourvoir.<br\/>C&rsquo;est un point de rencontre entre les valeurs personnelles et collectives.<\/p>\n\n<p class=\"has-text-align-left\">C&rsquo;est un engagement mutuel,<br\/>o\u00f9 l&rsquo;on ne fait pas que produire :<br\/><strong>on grandit, on construit, on cr\u00e9e de la valeur<\/strong> \u2014<br\/>pour la soci\u00e9t\u00e9 et pour nous-m\u00eames.<\/p>\n\n<p class=\"has-text-align-left\">On entend parfois dire, <em>\u00ab Vous ferez partie de la famille. \u00bb<\/em><br\/>Mais une entreprise n&rsquo;est pas une famille.<\/p>\n\n<p class=\"has-text-align-left\">Une entreprise est une structure,<br\/>une dynamique,<br\/>un mouvement partag\u00e9.<\/p>\n\n<p class=\"has-text-align-left\">La famille existe ailleurs :<br\/>dans le c\u0153ur,<br\/>dans l&rsquo;intimit\u00e9,<br\/>dans l&rsquo;irr\u00e9vocable.<\/p>\n\n<p class=\"has-text-align-left\">Il est essentiel de savoir o\u00f9 nous mettons les pieds,<br\/>avec qui, pourquoi, et dans quel \u00e9tat d&rsquo;esprit.<\/p>\n\n<p class=\"has-text-align-left\">Je remercie sinc\u00e8rement les entreprises avec lesquelles j&rsquo;ai d\u00e9j\u00e0 eu la chance d&rsquo;\u00e9changer.<br\/>Chaque entretien est une rencontre pr\u00e9cieuse,<br\/>un miroir qui aide \u00e0 affiner ce que je souhaite offrir,<br\/>et ce que j&rsquo;esp\u00e8re construire.<\/p>\n\n<p class=\"has-text-align-right\">Mathieu Otjacques<\/p>\n\n<blockquote class=\"wp-block-quote is-layout-flow wp-block-quote-is-layout-flow\">\n<p class=\"has-text-align-center has-medium-font-size\"><em>\u00ab Ce n&rsquo;est pas parce que les choses sont difficiles que nous n&rsquo;osons pas.<br\/>C&rsquo;est parce que nous n&rsquo;osons pas qu&rsquo;elles sont difficiles. \u00bb<\/em><br\/>\u2014 <strong>S\u00e9n\u00e8que<\/strong><\/p>\n<\/blockquote>\n\n<h3 class=\"wp-block-heading has-text-align-left\"><\/h3>\n<p>\u2e3b<\/p>\n<p><a href=\"https:\/\/www.linkedin.com\/search\/results\/all\/?keywords=%23recrutement&amp;origin=HASH_TAG_FROM_FEED\">hashtag#Recrutement<\/a> <a href=\"https:\/\/www.linkedin.com\/search\/results\/all\/?keywords=%23valeurs&amp;origin=HASH_TAG_FROM_FEED\">hashtag#Valeurs<\/a> <a href=\"https:\/\/www.linkedin.com\/search\/results\/all\/?keywords=%23leadershipconscient&amp;origin=HASH_TAG_FROM_FEED\">hashtag#LeadershipConscient<\/a> <a href=\"https:\/\/www.linkedin.com\/search\/results\/all\/?keywords=%23%C3%A9thiqueprofessionnelle&amp;origin=HASH_TAG_FROM_FEED\">hashtag#\u00c9thiqueProfessionnelle<\/a> <a href=\"https:\/\/www.linkedin.com\/search\/results\/all\/?keywords=%23soci%C3%A9t%C3%A9&amp;origin=HASH_TAG_FROM_FEED\">hashtag#Soci\u00e9t\u00e9<\/a> <a href=\"https:\/\/www.linkedin.com\/search\/results\/all\/?keywords=%23ressourceshumaines&amp;origin=HASH_TAG_FROM_FEED\">hashtag#RessourcesHumaines<\/a> <a href=\"https:\/\/www.linkedin.com\/search\/results\/all\/?keywords=%23cadredevie&amp;origin=HASH_TAG_FROM_FEED\">hashtag#CadreDeVie<\/a> <a href=\"https:\/\/www.linkedin.com\/search\/results\/all\/?keywords=%23travailavecsens&amp;origin=HASH_TAG_FROM_FEED\">hashtag#TravailAvecSens<\/a> <a href=\"https:\/\/www.linkedin.com\/search\/results\/all\/?keywords=%23culturedentreprise&amp;origin=HASH_TAG_FROM_FEED\">hashtag#CultureDEntreprise<\/a> <a href=\"https:\/\/www.linkedin.com\/search\/results\/all\/?keywords=%23coop%C3%A9ration&amp;origin=HASH_TAG_FROM_FEED\">hashtag#Coop\u00e9ration<\/a> <a href=\"https:\/\/www.linkedin.com\/search\/results\/all\/?keywords=%23sensdutravail&amp;origin=HASH_TAG_FROM_FEED\">hashtag#SensDuTravail<\/a> <a href=\"https:\/\/www.linkedin.com\/search\/results\/all\/?keywords=%23processusderecrutement&amp;origin=HASH_TAG_FROM_FEED\">hashtag#ProcessusDeRecrutement<\/a> <a href=\"https:\/\/www.linkedin.com\/search\/results\/all\/?keywords=%23recherchedemploi&amp;origin=HASH_TAG_FROM_FEED\">hashtag#RechercheEmploi<\/a> <a href=\"https:\/\/www.linkedin.com\/search\/results\/all\/?keywords=%23businesshumain&amp;origin=HASH_TAG_FROM_FEED\">hashtag#BusinessHumain<\/a> <a href=\"https:\/\/www.linkedin.com\/search\/results\/all\/?keywords=%23softskills&amp;origin=HASH_TAG_FROM_FEED\">hashtag#Comp\u00e9tencesDouces<\/a> <a href=\"https:\/\/www.linkedin.com\/search\/results\/all\/?keywords=%23%C3%A9volutionpersonnelle&amp;origin=HASH_TAG_FROM_FEED\">hashtag#\u00c9volutionPersonnelle<\/a><\/p>\n<p><!-- \/wp:post-content --><\/p>\n","protected":false},"excerpt":{"rendered":"<p>Chercher un emploi ne se r\u00e9sume pas \u00e0 chercher un salaire ou un patron. C&rsquo;est chercher un mode de vie. C&rsquo;est chercher un sens, une direction claire,une stimulation quotidienne qui \u00e9veille l&rsquo;esprit,nourrit l&rsquo;\u00e2me,et nous permet d&rsquo;\u00e9voluer en conscience. Un emploi n&rsquo;est pas qu&rsquo;un poste \u00e0 pourvoir.C&rsquo;est un point de rencontre entre les valeurs personnelles et &hellip; <\/p>\n<p class=\"link-more\"><a href=\"https:\/\/matypique.com\/fr\/le-sens-du-travail\/\" class=\"more-link\">Continuer la lecture<span class=\"screen-reader-text\"> de &laquo;&nbsp;Le sens du travail&nbsp;&raquo;<\/span><\/a><\/p>\n","protected":false},"author":2,"featured_media":0,"parent":0,"menu_order":0,"comment_status":"closed","ping_status":"closed","template":"","meta":{"pgc_sgb_lightbox_settings":"","footnotes":""},"class_list":["post-1171","page","type-page","status-publish","hentry"],"_links":{"self":[{"href":"https:\/\/matypique.com\/fr\/wp-json\/wp\/v2\/pages\/1171","targetHints":{"allow":["GET"]}}],"collection":[{"href":"https:\/\/matypique.com\/fr\/wp-json\/wp\/v2\/pages"}],"about":[{"href":"https:\/\/matypique.com\/fr\/wp-json\/wp\/v2\/types\/page"}],"author":[{"embeddable":true,"href":"https:\/\/matypique.com\/fr\/wp-json\/wp\/v2\/users\/2"}],"replies":[{"embeddable":true,"href":"https:\/\/matypique.com\/fr\/wp-json\/wp\/v2\/comments?post=1171"}],"version-history":[{"count":2,"href":"https:\/\/matypique.com\/fr\/wp-json\/wp\/v2\/pages\/1171\/revisions"}],"predecessor-version":[{"id":1550,"href":"https:\/\/matypique.com\/fr\/wp-json\/wp\/v2\/pages\/1171\/revisions\/1550"}],"wp:attachment":[{"href":"https:\/\/matypique.com\/fr\/wp-json\/wp\/v2\/media?parent=1171"}],"curies":[{"name":"wp","href":"https:\/\/api.w.org\/{rel}","templated":true}]}}