{"id":1168,"date":"2025-06-05T11:48:42","date_gmt":"2025-06-05T09:48:42","guid":{"rendered":"https:\/\/matypique.com\/structurer-accelerer-transformer-lenergie-de-demain\/"},"modified":"2025-12-06T14:13:45","modified_gmt":"2025-12-06T13:13:45","slug":"structurer-accelerer-transformer-lenergie-de-demain","status":"publish","type":"page","link":"https:\/\/matypique.com\/fr\/structurer-accelerer-transformer-lenergie-de-demain\/","title":{"rendered":"Structurer. Acc\u00e9l\u00e9rer. Transformer l&rsquo;\u00e9nergie de demain"},"content":{"rendered":"\n<h3 class=\"wp-block-heading\"><strong>MATYPIQUE : Plus qu&rsquo;un cabinet de conseil<\/strong><\/h3>\n\n\n\n<p><br>C&rsquo;est l&rsquo;expression de mon engagement aupr\u00e8s des acteurs des \u00e9nergies renouvelables qui souhaitent structurer leur croissance, clarifier leur strat\u00e9gie, renforcer leur impact et aligner leurs \u00e9quipes.<\/p>\n\n\n\n<p>J&rsquo;accompagne les entreprises du secteur de l&rsquo;\u00e9nergie propre: solaire, hydrog\u00e8ne, batteries, syst\u00e8mes hybrides, stockage; dans leur d\u00e9veloppement strat\u00e9gique, commercial et humain avec une approche claire et ax\u00e9e sur les r\u00e9sultats.<\/p>\n\n\n\n<hr class=\"wp-block-separator has-alpha-channel-opacity is-style-wide\"\/>\n\n\n\n<blockquote class=\"wp-block-quote is-style-default has-luminous-vivid-amber-color has-text-color has-link-color has-medium-font-size wp-elements-51c88d3f22bc25e158cdf51ff5dd499f is-layout-flow wp-block-quote-is-layout-flow\">\n<p class=\"has-text-align-center has-text-color has-link-color has-large-font-size wp-elements-74f7fac5e6529dbf53f197bed81673e2\" style=\"color:#f8924ae3\">\u00ab Fa\u00e7onner aujourd&rsquo;hui ce qui permet le succ\u00e8s durable de demain \u00bb<\/p>\n<\/blockquote>\n\n\n<div class=\"pgc-sgb-cb wp-block-pgcsimplygalleryblock-slider \" data-gallery-id=\"43468057\"style=&quot;min-height:740px&quot;><div class=\"sgb-preloader\" id=\"pr_43468057\">\n\t<div class=\"sgb-square\" style=\"background:#d4d4d4\"><\/div>\n\t<div class=\"sgb-square\" style=\"background:#d4d4d4\"><\/div>\n\t<div class=\"sgb-square\" style=\"background:#d4d4d4\"><\/div>\n\t<div class=\"sgb-square\" style=\"background:#d4d4d4\"><\/div><\/div><div class=\"simply-gallery-amp pgc_sgb_slider \"><noscript><div class=\"sgb-gallery\"><div class=\"sgb-item\"><a href=\"https:\/\/matypique.com\/structuring-accelerating-transforming-tomorrows-energy\/communication-social-team-spirit-matypique\/\" target=\"_blank\"><img decoding=\"async\" alt=\"\" width=\"116\" height=\"300\" loading=\"lazy\" src=\"https:\/\/matypique.com\/wp-content\/uploads\/2025\/11\/communication-social-team-spirit-Matypique--e1762107233206-116x300.png\" srcset=\"https:\/\/matypique.com\/wp-content\/uploads\/2025\/11\/communication-social-team-spirit-Matypique--e1762107233206-116x300.png 116w,https:\/\/matypique.com\/wp-content\/uploads\/2025\/11\/communication-social-team-spirit-Matypique--e1762107233206.png 396w\" sizes=\"auto, 250px\"\/><\/a><\/div><div class=\"sgb-item\"><a href=\"https:\/\/matypique.com\/structuring-accelerating-transforming-tomorrows-energy\/chess-matypique-decision-maker-consultancy\/\" target=\"_blank\"><img decoding=\"async\" alt=\"\" width=\"300\" height=\"300\" loading=\"lazy\" src=\"https:\/\/matypique.com\/wp-content\/uploads\/2025\/11\/Chess-Matypique-Decision-maker-Consultancy-300x300.png\" srcset=\"https:\/\/matypique.com\/wp-content\/uploads\/2025\/11\/Chess-Matypique-Decision-maker-Consultancy-300x300.png 300w,https:\/\/matypique.com\/wp-content\/uploads\/2025\/11\/Chess-Matypique-Decision-maker-Consultancy.png 1024w\" sizes=\"auto, 250px\"\/><\/a><\/div><div class=\"sgb-item\"><a href=\"https:\/\/matypique.com\/structuring-accelerating-transforming-tomorrows-energy\/energy-renewable-consultancy-matypique\/\" target=\"_blank\"><img decoding=\"async\" alt=\"\" width=\"300\" height=\"300\" loading=\"lazy\" src=\"https:\/\/matypique.com\/wp-content\/uploads\/2025\/11\/Energy-renewable-consultancy-Matypique-300x300.png\" srcset=\"https:\/\/matypique.com\/wp-content\/uploads\/2025\/11\/Energy-renewable-consultancy-Matypique-300x300.png 300w,https:\/\/matypique.com\/wp-content\/uploads\/2025\/11\/Energy-renewable-consultancy-Matypique.png 1024w\" sizes=\"auto, 250px\"\/><\/a><\/div><\/div><\/noscript><\/div><script type=\"application\/json\" class=\"sgb-data\">{\"externalLinkFontSize\":22,\"sliderMaxHeight\":740,\"sliderAdminWidth\":674,\"responsiveHeight\":true,\"sliderThumbsNavi\":false,\"sliderDotNavi\":true,\"autoPlay\":true,\"autoPlayDelay\":3,\"galleryType\":\"pgc_sgb_slider\",\"galleryId\":\"43468057\",\"images\":[{\"id\":1087,\"title\":\"communication, social, team spirit Matypique\",\"url\":\"https:\/\/matypique.com\/wp-content\/uploads\/2025\/11\/communication-social-team-spirit-Matypique\\u002d\\u002de1762107233206.png\",\"link\":\"https:\/\/matypique.com\/structuring-accelerating-transforming-tomorrows-energy\/communication-social-team-spirit-matypique\/\",\"alt\":\"\",\"description\":\"\",\"caption\":\"\",\"mime\":\"image\/png\",\"type\":\"image\",\"width\":396,\"height\":1024,\"sizes\":{\"thumbnail\":{\"height\":150,\"width\":150,\"url\":\"https:\/\/matypique.com\/wp-content\/uploads\/2025\/11\/communication-social-team-spirit-Matypique\\u002d\\u002de1762107233206-150x150.png\",\"orientation\":\"landscape\"},\"medium\":{\"height\":300,\"width\":116,\"url\":\"https:\/\/matypique.com\/wp-content\/uploads\/2025\/11\/communication-social-team-spirit-Matypique\\u002d\\u002de1762107233206-116x300.png\",\"orientation\":\"portrait\"},\"full\":{\"url\":\"https:\/\/matypique.com\/wp-content\/uploads\/2025\/11\/communication-social-team-spirit-Matypique\\u002d\\u002de1762107233206.png\",\"height\":1024,\"width\":396,\"orientation\":\"portrait\"}},\"imageMeta\":{\"aperture\":\"0\",\"credit\":\"\",\"camera\":\"\",\"caption\":\"\",\"created_timestamp\":\"0\",\"copyright\":\"\",\"focal_length\":\"0\",\"iso\":\"0\",\"shutter_speed\":\"0\",\"title\":\"\",\"orientation\":\"0\",\"keywords\":[]},\"meta\":false,\"postlink\":\"https:\/\/matypique.com\/structuring-accelerating-transforming-tomorrows-energy\/communication-social-team-spirit-matypique\/\"},{\"id\":1089,\"title\":\"Chess Matypique Decision maker Consultancy\",\"url\":\"https:\/\/matypique.com\/wp-content\/uploads\/2025\/11\/Chess-Matypique-Decision-maker-Consultancy.png\",\"link\":\"https:\/\/matypique.com\/structuring-accelerating-transforming-tomorrows-energy\/chess-matypique-decision-maker-consultancy\/\",\"alt\":\"\",\"description\":\"\",\"caption\":\"\",\"mime\":\"image\/png\",\"type\":\"image\",\"width\":1024,\"height\":1024,\"sizes\":{\"thumbnail\":{\"height\":150,\"width\":150,\"url\":\"https:\/\/matypique.com\/wp-content\/uploads\/2025\/11\/Chess-Matypique-Decision-maker-Consultancy-150x150.png\",\"orientation\":\"landscape\"},\"medium\":{\"height\":300,\"width\":300,\"url\":\"https:\/\/matypique.com\/wp-content\/uploads\/2025\/11\/Chess-Matypique-Decision-maker-Consultancy-300x300.png\",\"orientation\":\"landscape\"},\"full\":{\"url\":\"https:\/\/matypique.com\/wp-content\/uploads\/2025\/11\/Chess-Matypique-Decision-maker-Consultancy.png\",\"height\":1024,\"width\":1024,\"orientation\":\"landscape\"}},\"imageMeta\":{\"aperture\":\"0\",\"credit\":\"\",\"camera\":\"\",\"caption\":\"\",\"created_timestamp\":\"0\",\"copyright\":\"\",\"focal_length\":\"0\",\"iso\":\"0\",\"shutter_speed\":\"0\",\"title\":\"\",\"orientation\":\"0\",\"keywords\":[]},\"meta\":false,\"postlink\":\"https:\/\/matypique.com\/structuring-accelerating-transforming-tomorrows-energy\/chess-matypique-decision-maker-consultancy\/\"},{\"id\":1090,\"title\":\"Energy renewable consultancy Matypique\",\"url\":\"https:\/\/matypique.com\/wp-content\/uploads\/2025\/11\/Energy-renewable-consultancy-Matypique.png\",\"link\":\"https:\/\/matypique.com\/structuring-accelerating-transforming-tomorrows-energy\/energy-renewable-consultancy-matypique\/\",\"alt\":\"\",\"description\":\"\",\"caption\":\"\",\"mime\":\"image\/png\",\"type\":\"image\",\"width\":1024,\"height\":1024,\"sizes\":{\"thumbnail\":{\"height\":150,\"width\":150,\"url\":\"https:\/\/matypique.com\/wp-content\/uploads\/2025\/11\/Energy-renewable-consultancy-Matypique-150x150.png\",\"orientation\":\"landscape\"},\"medium\":{\"height\":300,\"width\":300,\"url\":\"https:\/\/matypique.com\/wp-content\/uploads\/2025\/11\/Energy-renewable-consultancy-Matypique-300x300.png\",\"orientation\":\"landscape\"},\"full\":{\"url\":\"https:\/\/matypique.com\/wp-content\/uploads\/2025\/11\/Energy-renewable-consultancy-Matypique.png\",\"height\":1024,\"width\":1024,\"orientation\":\"landscape\"}},\"imageMeta\":{\"aperture\":\"0\",\"credit\":\"\",\"camera\":\"\",\"caption\":\"\",\"created_timestamp\":\"0\",\"copyright\":\"\",\"focal_length\":\"0\",\"iso\":\"0\",\"shutter_speed\":\"0\",\"title\":\"\",\"orientation\":\"0\",\"keywords\":[]},\"meta\":false,\"postlink\":\"https:\/\/matypique.com\/structuring-accelerating-transforming-tomorrows-energy\/energy-renewable-consultancy-matypique\/\"}],\"translatedWithWPMLTM\":\"1\",\"itemsMetaDataCollection\":[]}<\/script><script>(function(){if(window.PGC_SGB && window.PGC_SGB.searcher){window.PGC_SGB.searcher.initBlocks()}})()<\/script><\/div>\n\n\n<div class=\"wp-block-columns is-layout-flex wp-container-core-columns-is-layout-9d6595d7 wp-block-columns-is-layout-flex\">\n<div class=\"wp-block-column is-layout-flow wp-block-column-is-layout-flow\">\n<h3 class=\"wp-block-heading\"><strong>Leadership, communication et dynamiques humaines<\/strong><\/h3>\n\n\n\n<p>Une strat\u00e9gie ne fonctionne que lorsque les personnes sont align\u00e9es avec elle.<\/p>\n\n\n\n<p><br><strong>C&rsquo;est pourquoi j&rsquo;accompagne :<\/strong><\/p>\n\n\n\n<ul class=\"wp-block-list\">\n<li>Les fondateurs et dirigeants dans la prise de d\u00e9cision, la posture de leadership et la communication<\/li>\n\n\n\n<li>Les \u00e9quipes, pour d\u00e9velopper l&rsquo;engagement, la responsabilisation et l&rsquo;autonomie<\/li>\n\n\n\n<li>Les organisations, pour assurer la coh\u00e9rence et l&rsquo;alignement collectif autour d&rsquo;une vision partag\u00e9e<\/li>\n<\/ul>\n<\/div>\n\n\n\n<div class=\"wp-block-column is-layout-flow wp-block-column-is-layout-flow\">\n<h3 class=\"wp-block-heading\"><strong>Expertise principale : d\u00e9veloppement commercial des \u00e9nergies renouvelables<\/strong><\/h3>\n\n\n\n<p>Fournir des solutions renouvelables \u00e0 fort impact en connectant technologie et parties prenantes.<\/p>\n\n\n\n<p><strong>Voici ce que je fais<\/strong> :<\/p>\n\n\n\n<ul class=\"wp-block-list\">\n<li>Expertise en BESS, EMS, syst\u00e8mes PV, \u00e9nergie hybride, SCADA, micror\u00e9seaux<\/li>\n\n\n\n<li>Conception de mod\u00e8les \u00e9conomiques sur mesure : PPA, autoconsommation, hors r\u00e9seau, syst\u00e8mes hybrides<\/li>\n\n\n\n<li>Offres claires et ax\u00e9es sur la valeur pour les clients, investisseurs et partenaires<\/li>\n\n\n\n<li>Je fais le lien entre l&rsquo;innovation technique et l&rsquo;ex\u00e9cution concr\u00e8te dans le d\u00e9veloppement de l&rsquo;\u00e9nergie propre.<\/li>\n<\/ul>\n\n\n\n<div style=\"height:31px\" aria-hidden=\"true\" class=\"wp-block-spacer\"><\/div>\n<\/div>\n\n\n\n<div class=\"wp-block-column is-layout-flow wp-block-column-is-layout-flow\">\n<h3 class=\"wp-block-heading\"><strong>Structuration d&rsquo;entreprise et performance commerciale<\/strong><\/h3>\n\n\n\n<p>Des start-ups aux scale-ups en passant par les entreprises en transformation.<\/p>\n\n\n\n<p><br><strong>C&rsquo;est pourquoi j&rsquo;aide \u00e0 :<\/strong><\/p>\n\n\n\n<ul class=\"wp-block-list\">\n<li>Aligner vision, structure organisationnelle et gouvernance<\/li>\n\n\n\n<li>Stimuler la performance commerciale : conception d&rsquo;offres, formation d&rsquo;\u00e9quipes, optimisation des processus de vente<\/li>\n\n\n\n<li>Construire des strat\u00e9gies de communication claires, cr\u00e9dibles et diff\u00e9renci\u00e9es<\/li>\n\n\n\n<li>D\u00e9ployer les bons outils pour une croissance intelligente (CRM, ERP, IA, automatisation des ventes, supervision et automatisation)<\/li>\n<\/ul>\n<\/div>\n<\/div>\n\n\n\n<hr class=\"wp-block-separator has-alpha-channel-opacity is-style-wide\"\/>\n\n\n\n<blockquote class=\"wp-block-quote is-layout-flow wp-block-quote-is-layout-flow\">\n<p class=\"has-text-align-center has-black-color has-text-color has-link-color wp-elements-48484a626a4c2a3b8f62a5f5c341d663\" style=\"font-size:34px\">\u00ab Ma force r\u00e9side dans une compr\u00e9hension approfondie du terrain, une vision claire \u00e0 long terme et la capacit\u00e9 de transformer l&rsquo;ambition en ex\u00e9cution concr\u00e8te \u00bb<br><\/p>\n<\/blockquote>\n\n\n\n<h3 class=\"wp-block-heading\"><strong>Pourquoi me choisir ?<\/strong><\/h3>\n\n\n<div class=\"wp-block-image\">\n<figure class=\"alignleft size-full is-resized\"><img loading=\"lazy\" decoding=\"async\" width=\"1024\" height=\"1024\" src=\"https:\/\/matypique.com\/wp-content\/uploads\/2025\/11\/Greener-ESG-Tree-nature-ecological-future.png\" alt=\"\" class=\"wp-image-1091\" style=\"width:223px;height:auto\" srcset=\"https:\/\/matypique.com\/wp-content\/uploads\/2025\/11\/Greener-ESG-Tree-nature-ecological-future.png 1024w, https:\/\/matypique.com\/wp-content\/uploads\/2025\/11\/Greener-ESG-Tree-nature-ecological-future-300x300.png 300w, https:\/\/matypique.com\/wp-content\/uploads\/2025\/11\/Greener-ESG-Tree-nature-ecological-future-150x150.png 150w, https:\/\/matypique.com\/wp-content\/uploads\/2025\/11\/Greener-ESG-Tree-nature-ecological-future-768x768.png 768w, https:\/\/matypique.com\/wp-content\/uploads\/2025\/11\/Greener-ESG-Tree-nature-ecological-future-100x100.png 100w\" sizes=\"auto, (max-width: 767px) 89vw, (max-width: 1000px) 54vw, (max-width: 1071px) 543px, 580px\" \/><\/figure>\n<\/div>\n\n\n<p>Je parle le langage de l&rsquo;\u00e9nergie, du business, des personnes et de la technologie  avec clart\u00e9 et profondeur.<\/p>\n\n\n\n<p>Alliant vision strat\u00e9gique et exp\u00e9rience pratique, je conduis une transformation pragmatique \u00e0 travers toute la cha\u00eene de valeur \u00e9nerg\u00e9tique.<\/p>\n\n\n\n<p>Je construis des fondations solides pour une croissance durable, align\u00e9e et pr\u00eate pour l&rsquo;avenir.<\/p>\n\n\n\n<div style=\"height:60px\" aria-hidden=\"true\" class=\"wp-block-spacer\"><\/div>\n\n\n\n<hr class=\"wp-block-separator has-alpha-channel-opacity\"\/>\n\n\n\n<blockquote class=\"wp-block-quote is-layout-flow wp-block-quote-is-layout-flow\">\n<p class=\"has-text-align-center has-black-color has-text-color has-link-color has-large-font-size wp-elements-ebaa364eb91020a106956e0ed7484f05\">Pr\u00eat \u00e0 cro\u00eetre avec clart\u00e9 et impact ?<\/p>\n<\/blockquote>\n\n\n\n<blockquote class=\"wp-block-quote has-medium-font-size is-layout-flow wp-block-quote-is-layout-flow\">\n<p class=\"has-text-align-center has-medium-font-size\"><a href=\"https:\/\/matypique.com\/fr\/contact\/\">Parlons<\/a> de vos ambitions, de vos projets \u00e9nerg\u00e9tiques, et des leviers strat\u00e9giques pour faire progresser votre entreprise.<\/p>\n<\/blockquote>\n\n\n\n<p><\/p>\n","protected":false},"excerpt":{"rendered":"<p>MATYPIQUE : Plus qu&rsquo;un cabinet de conseil C&rsquo;est l&rsquo;expression de mon engagement aupr\u00e8s des acteurs des \u00e9nergies renouvelables qui souhaitent structurer leur croissance, clarifier leur strat\u00e9gie, renforcer leur impact et aligner leurs \u00e9quipes. J&rsquo;accompagne les entreprises du secteur de l&rsquo;\u00e9nergie propre: solaire, hydrog\u00e8ne, batteries, syst\u00e8mes hybrides, stockage; dans leur d\u00e9veloppement strat\u00e9gique, commercial et humain avec &hellip; <\/p>\n<p class=\"link-more\"><a href=\"https:\/\/matypique.com\/fr\/structurer-accelerer-transformer-lenergie-de-demain\/\" class=\"more-link\">Continuer la lecture<span class=\"screen-reader-text\"> de &laquo;&nbsp;Structurer. Acc\u00e9l\u00e9rer. Transformer l&rsquo;\u00e9nergie de demain&nbsp;&raquo;<\/span><\/a><\/p>\n","protected":false},"author":2,"featured_media":0,"parent":0,"menu_order":0,"comment_status":"closed","ping_status":"closed","template":"","meta":{"pgc_sgb_lightbox_settings":"","footnotes":""},"class_list":["post-1168","page","type-page","status-publish","hentry"],"_links":{"self":[{"href":"https:\/\/matypique.com\/fr\/wp-json\/wp\/v2\/pages\/1168","targetHints":{"allow":["GET"]}}],"collection":[{"href":"https:\/\/matypique.com\/fr\/wp-json\/wp\/v2\/pages"}],"about":[{"href":"https:\/\/matypique.com\/fr\/wp-json\/wp\/v2\/types\/page"}],"author":[{"embeddable":true,"href":"https:\/\/matypique.com\/fr\/wp-json\/wp\/v2\/users\/2"}],"replies":[{"embeddable":true,"href":"https:\/\/matypique.com\/fr\/wp-json\/wp\/v2\/comments?post=1168"}],"version-history":[{"count":19,"href":"https:\/\/matypique.com\/fr\/wp-json\/wp\/v2\/pages\/1168\/revisions"}],"predecessor-version":[{"id":1610,"href":"https:\/\/matypique.com\/fr\/wp-json\/wp\/v2\/pages\/1168\/revisions\/1610"}],"wp:attachment":[{"href":"https:\/\/matypique.com\/fr\/wp-json\/wp\/v2\/media?parent=1168"}],"curies":[{"name":"wp","href":"https:\/\/api.w.org\/{rel}","templated":true}]}}