{"id":1156,"date":"2025-05-27T16:28:07","date_gmt":"2025-05-27T14:28:07","guid":{"rendered":"https:\/\/matypique.com\/about-me\/"},"modified":"2025-12-06T12:37:39","modified_gmt":"2025-12-06T11:37:39","slug":"about-me","status":"publish","type":"page","link":"https:\/\/matypique.com\/fr\/about-me\/","title":{"rendered":"A propos de Moi"},"content":{"rendered":"\n<h3 class=\"wp-block-heading has-text-align-left\"><strong>Mathieu Otjacques \u2013 D\u00e9veloppeur d\u2019affaires | Consultant en \u00e9nergie | Coach &amp; Entrepreneur engag\u00e9<\/strong><\/h3>\n<div class=\"wp-block-image\">\n<figure class=\"alignleft size-full is-resized\"><img loading=\"lazy\" decoding=\"async\" width=\"360\" height=\"360\" src=\"https:\/\/matypique.com\/wp-content\/uploads\/2025\/05\/Design-sans-titre.png\" alt=\"\" class=\"wp-image-742\" style=\"width:120px;height:auto\" srcset=\"https:\/\/matypique.com\/wp-content\/uploads\/2025\/05\/Design-sans-titre.png 360w, https:\/\/matypique.com\/wp-content\/uploads\/2025\/05\/Design-sans-titre-300x300.png 300w, https:\/\/matypique.com\/wp-content\/uploads\/2025\/05\/Design-sans-titre-150x150.png 150w, https:\/\/matypique.com\/wp-content\/uploads\/2025\/05\/Design-sans-titre-100x100.png 100w\" sizes=\"auto, (max-width: 360px) 100vw, 360px\" \/><\/figure>\n<\/div>\n<p>Je construis des ponts entre le d\u00e9veloppement commercial, l\u2019\u00e9nergie propre et la transformation humaine.<\/p>\n\n<p>Fort d&rsquo;une formation en commerce international et d&rsquo;un d\u00e9but dans l&rsquo;h\u00f4tellerie \u00e9toil\u00e9e Michelin, j&rsquo;ai rapidement appris la valeur de la pr\u00e9cision, de l&rsquo;adaptabilit\u00e9 et des standards \u00e9lev\u00e9s; du service lors du mariage royal du Roi Philippe et de la Reine Mathilde \u00e0 la gestion de clients exigeants \u00e0 travers l&rsquo;Europe.<\/p>\n\n<!-- Button: Read More About Me -->\n<button id=\"toggle-btn\" style=\"margin-top:10px; background-color:white; color:black; border:2px solid black; padding:8px 14px; border-radius:4px; cursor:pointer; transition: all 0.3s ease;\">\n  En savoir plus sur moi\n<\/button>\n\n<!-- Hidden content -->\n<div id=\"toggle-content\" style=\"max-height: 0; overflow: hidden; transition: max-height 0.6s ease-out;\">\n\n  <p>Mon parcours dans l\u2019\u00e9nergie a commenc\u00e9 chez Schr\u00e9der Suisse, sur les traces de mon grand-p\u00e8re, ancien directeur de Zumtobel Benelux. C&rsquo;\u00e9tait la meilleure fa\u00e7on d&rsquo;apprendre; de l&rsquo;\u00e9clairage traditionnel aux infrastructures intelligentes ; dans le march\u00e9 suisse hautement structur\u00e9.<\/p>\n\n  <p>Pendant plus de 20 ans, j&rsquo;ai travaill\u00e9 avec des entreprises mondiales et des PME agiles, notamment <strong>Apple Inc<\/strong>, <strong>Microsoft<\/strong>, <strong>HP<\/strong>, <strong>Adobe<\/strong>, <strong>Alcobrands<\/strong>, <strong>Airparking<\/strong>, <strong>Amaranzero<\/strong> et <strong>SolarEdge<\/strong>. Mes r\u00f4les ont toujours combin\u00e9 <strong>l&rsquo;informatique, la strat\u00e9gie commerciale, l&rsquo;int\u00e9gration technique<\/strong> et <strong>le d\u00e9veloppement d&rsquo;\u00e9quipes<\/strong>; dans des secteurs comme l&rsquo;\u00e9nergie, la mobilit\u00e9, le num\u00e9rique et les villes intelligentes.<\/p>\n\n  <p>J&rsquo;ai form\u00e9 des \u00e9quipes de terrain, accompagn\u00e9 des installateurs, conseill\u00e9 des d\u00e9cideurs et d\u00e9velopp\u00e9 des strat\u00e9gies de mise sur le march\u00e9 \u00e0 travers l&rsquo;Europe; toujours en me concentrant sur l&rsquo;impact, la confiance et l&rsquo;ex\u00e9cution.<\/p>\n\n  <p>Trilingue, <strong>fran\u00e7ais<\/strong>, <strong>n\u00e9erlandais<\/strong> et <strong>anglais<\/strong>, j&rsquo;appr\u00e9cie de travailler dans des environnements multiculturels o\u00f9 la communication claire est essentielle.<\/p>\n\n  <p>L&rsquo;\u00e9nergie coule dans mes veines depuis quatre g\u00e9n\u00e9rations, et je perp\u00e9tue cet h\u00e9ritage avec une vision durable, connect\u00e9e et centr\u00e9e sur l&rsquo;humain.<\/p>\n\n  <p>En dehors du travail, je reste ancr\u00e9 gr\u00e2ce au kitesurf, au parapente, \u00e0 l&rsquo;apn\u00e9e, \u00e0 l&rsquo;escalade, \u00e0 la cuisine et \u00e0 la peinture ; autant de moyens de rester pr\u00e9sent, r\u00e9silient et cr\u00e9atif.<\/p>\n\n  <p>\u00c0 travers mon cabinet de conseil <strong>Matypique<\/strong>, j&rsquo;aide les entreprises et les entrepreneurs \u00e0 cro\u00eetre avec un objectif.<\/p>\n\n<\/div>\n\n<!-- JavaScript -->\n<script>\ndocument.addEventListener(\"DOMContentLoaded\", function () {\n  const btn = document.getElementById(\"toggle-btn\");\n  const content = document.getElementById(\"toggle-content\");\n\n  btn.addEventListener(\"click\", function () {\n    content.style.maxHeight = content.scrollHeight + \"px\";\n    btn.style.display = \"none\";\n  });\n});\n<\/script>\n","protected":false},"excerpt":{"rendered":"<p>Mathieu Otjacques \u2013 D\u00e9veloppeur d\u2019affaires | Consultant en \u00e9nergie | Coach &amp; Entrepreneur engag\u00e9 Je construis des ponts entre le d\u00e9veloppement commercial, l\u2019\u00e9nergie propre et la transformation humaine. Fort d&rsquo;une formation en commerce international et d&rsquo;un d\u00e9but dans l&rsquo;h\u00f4tellerie \u00e9toil\u00e9e Michelin, j&rsquo;ai rapidement appris la valeur de la pr\u00e9cision, de l&rsquo;adaptabilit\u00e9 et des standards \u00e9lev\u00e9s; &hellip; <\/p>\n<p class=\"link-more\"><a href=\"https:\/\/matypique.com\/fr\/about-me\/\" class=\"more-link\">Continuer la lecture<span class=\"screen-reader-text\"> de &laquo;&nbsp;A propos de Moi&nbsp;&raquo;<\/span><\/a><\/p>\n","protected":false},"author":2,"featured_media":0,"parent":0,"menu_order":0,"comment_status":"closed","ping_status":"closed","template":"","meta":{"pgc_sgb_lightbox_settings":"","footnotes":""},"class_list":["post-1156","page","type-page","status-publish","hentry"],"_links":{"self":[{"href":"https:\/\/matypique.com\/fr\/wp-json\/wp\/v2\/pages\/1156","targetHints":{"allow":["GET"]}}],"collection":[{"href":"https:\/\/matypique.com\/fr\/wp-json\/wp\/v2\/pages"}],"about":[{"href":"https:\/\/matypique.com\/fr\/wp-json\/wp\/v2\/types\/page"}],"author":[{"embeddable":true,"href":"https:\/\/matypique.com\/fr\/wp-json\/wp\/v2\/users\/2"}],"replies":[{"embeddable":true,"href":"https:\/\/matypique.com\/fr\/wp-json\/wp\/v2\/comments?post=1156"}],"version-history":[{"count":24,"href":"https:\/\/matypique.com\/fr\/wp-json\/wp\/v2\/pages\/1156\/revisions"}],"predecessor-version":[{"id":1596,"href":"https:\/\/matypique.com\/fr\/wp-json\/wp\/v2\/pages\/1156\/revisions\/1596"}],"wp:attachment":[{"href":"https:\/\/matypique.com\/fr\/wp-json\/wp\/v2\/media?parent=1156"}],"curies":[{"name":"wp","href":"https:\/\/api.w.org\/{rel}","templated":true}]}}